{"id":4688,"date":"2024-07-10T14:33:50","date_gmt":"2024-07-10T07:33:50","guid":{"rendered":"https:\/\/dbbtech.net\/?post_type=product&#038;p=4688"},"modified":"2024-08-03T17:14:09","modified_gmt":"2024-08-03T10:14:09","slug":"he-thong-giam-sat-moi-truong-nuoc-trong-nuoi-trong-thuy-san","status":"publish","type":"product","link":"https:\/\/dbbtech.net\/en\/product\/he-thong-giam-sat-moi-truong-nuoc-trong-nuoi-trong-thuy-san\/","title":{"rendered":"H\u1ec7 th\u1ed1ng gi\u00e1m s\u00e1t m\u00f4i tr\u01b0\u1eddng n\u01b0\u1edbc trong nu\u00f4i tr\u1ed3ng th\u1ee7y s\u1ea3n"},"content":{"rendered":"<h4><a href=\"https:\/\/dbbtech.net\/en\/product\/dbb01f-thiet-bi-giam-sat-nhiet-do-nuoc-va-nong-do-oxi-trong-nuoi-trong-thuy-san\/\"><b>1. Gi\u1edbi<\/b> <b>thi\u1ec7u<\/b> <b>c\u00f4ng<\/b> <b>d\u1ee5ng<\/b> &#8211;<\/a><b>H\u1ec7 th\u1ed1ng<\/b>\u00a0gi\u00e1m s\u00e1t\u00a0<b>m\u00f4i tr\u01b0\u1eddng<\/b> n\u01b0\u1edbc trong nu\u00f4i tr\u1ed3ng th\u1ee7y s\u1ea3n<\/h4>\n<div class=\"B2VR9 CJHX3e\">\n<div class=\"wyccme\">\n<div>\n<div class=\"oatEtb\"><span class=\"dg6jd\"><b>H\u1ec7 th\u1ed1ng<\/b>\u00a0gi\u00e1m s\u00e1t\u00a0<b>m\u00f4i tr\u01b0\u1eddng<\/b>\u00a0n\u01b0\u1edbc trong nu\u00f4i tr\u1ed3ng th\u1ee7y s\u1ea3n<\/span><\/div>\n<\/div>\n<\/div>\n<\/div>\n<p>N\u01b0\u1edbc l\u00e0 y\u1ebfu t\u1ed1 quan tr\u1ecdng nh\u1ea5t trong nu\u00f4i tr\u1ed3ng th\u1ee7y s\u1ea3n, \u1ea3nh h\u01b0\u1edfng tr\u1ef1c ti\u1ebfp \u0111\u1ebfn s\u1ee9c kh\u1ecfe, sinh tr\u01b0\u1edfng v\u00e0 n\u0103ng su\u1ea5t c\u1ee7a con nu\u00f4i. Ch\u1ea5t l\u01b0\u1ee3ng n\u01b0\u1edbc ph\u1ee5 thu\u1ed9c v\u00e0o nhi\u1ec1u y\u1ebfu t\u1ed1 nh\u01b0 ngu\u1ed3n n\u01b0\u1edbc, ch\u1ea5t \u0111\u1ea5t, ch\u1ebf \u0111\u1ed9 cho \u0103n, th\u1eddi ti\u1ebft, c\u00f4ng ngh\u1ec7 v\u00e0 ch\u1ebf \u0111\u1ed9 qu\u1ea3n l\u00fd \u0111\u1ea7m nu\u00f4i. Do \u0111\u00f3, vi\u1ec7c ki\u1ec3m tra v\u00e0 theo d\u00f5i ch\u1ea5t l\u01b0\u1ee3ng n\u01b0\u1edbc l\u00e0 m\u1ed9t c\u00f4ng vi\u1ec7c thi\u1ebft y\u1ebfu v\u00e0 th\u01b0\u1eddng xuy\u00ean \u0111\u1ed1i v\u1edbi ng\u01b0\u1eddi nu\u00f4i.<\/p>\n<p><img fetchpriority=\"high\" decoding=\"async\" class=\"alignnone wp-image-4762 size-full\" src=\"https:\/\/dbbtech.net\/wp-content\/uploads\/2024\/07\/DBB-GIAI-PHAP-KHONG-DUNG-DIEN-MAT-TROI_page-0001-scaled.jpg\" alt=\"H\u1ec7 th\u1ed1ng gi\u00e1m s\u00e1t m\u00f4i tr\u01b0\u1eddng n\u01b0\u1edbc trong nu\u00f4i tr\u1ed3ng th\u1ee7y s\u1ea3n 1 \" width=\"2560\" height=\"1811\" srcset=\"https:\/\/dbbtech.net\/wp-content\/uploads\/2024\/07\/DBB-GIAI-PHAP-KHONG-DUNG-DIEN-MAT-TROI_page-0001-scaled.jpg 2560w, https:\/\/dbbtech.net\/wp-content\/uploads\/2024\/07\/DBB-GIAI-PHAP-KHONG-DUNG-DIEN-MAT-TROI_page-0001-300x212.jpg 300w, https:\/\/dbbtech.net\/wp-content\/uploads\/2024\/07\/DBB-GIAI-PHAP-KHONG-DUNG-DIEN-MAT-TROI_page-0001-1024x724.jpg 1024w, https:\/\/dbbtech.net\/wp-content\/uploads\/2024\/07\/DBB-GIAI-PHAP-KHONG-DUNG-DIEN-MAT-TROI_page-0001-768x543.jpg 768w, https:\/\/dbbtech.net\/wp-content\/uploads\/2024\/07\/DBB-GIAI-PHAP-KHONG-DUNG-DIEN-MAT-TROI_page-0001-1536x1086.jpg 1536w, https:\/\/dbbtech.net\/wp-content\/uploads\/2024\/07\/DBB-GIAI-PHAP-KHONG-DUNG-DIEN-MAT-TROI_page-0001-2048x1448.jpg 2048w, https:\/\/dbbtech.net\/wp-content\/uploads\/2024\/07\/DBB-GIAI-PHAP-KHONG-DUNG-DIEN-MAT-TROI_page-0001-18x12.jpg 18w, https:\/\/dbbtech.net\/wp-content\/uploads\/2024\/07\/DBB-GIAI-PHAP-KHONG-DUNG-DIEN-MAT-TROI_page-0001-370x262.jpg 370w, https:\/\/dbbtech.net\/wp-content\/uploads\/2024\/07\/DBB-GIAI-PHAP-KHONG-DUNG-DIEN-MAT-TROI_page-0001-600x424.jpg 600w\" sizes=\"(max-width: 2560px) 100vw, 2560px\" \/><\/p>\n<p>Lo\u1ea1i: \u0110\u1ea7u d\u00f2 Galvanic<\/p>\n<p>+ Ph\u1ea1m vi ph\u00e1t hi\u1ec7n: 0 ~ 20 mg \/ L<\/p>\n<p>+ Ph\u1ea1m vi nhi\u1ec7t \u0111\u1ed9: 0 ~ 40 \u2103<\/p>\n<p>+ Th\u1eddi gian ph\u1ea3n h\u1ed3i: Ph\u1ea3n h\u1ed3i \u0111\u1ea7y \u0111\u1ee7 l\u00ean t\u1edbi 98%, trong v\u00f2ng 90 gi\u00e2y (25oC)<\/p>\n<p>+ Ph\u1ea1m vi \u00e1p su\u1ea5t: 0 ~ 50 PSI ( th\u1ea3 \u1edf \u0111\u1ed9 s\u00e2u 50 ~ 60 cm)<\/p>\n<p>+ Tu\u1ed5i th\u1ecd d\u1ecbch v\u1ee5 \u0111i\u1ec7n c\u1ef1c: 1 n\u0103m (s\u1eed d\u1ee5ng b\u00ecnh th\u01b0\u1eddng)<\/p>\n<p>+ Th\u1eddi gian b\u1ea3o tr\u00ec:<\/p>\n<p>Th\u1eddi gian thay th\u1ebf n\u1eafp m\u00e0ng:<\/p>\n<p>1 ~ 2 th\u00e1ng (trong n\u01b0\u1edbc b\u00f9n);<\/p>\n<p>4 ~ 5 th\u00e1ng (trong n\u01b0\u1edbc s\u1ea1ch)<\/p>\n<p>+ Chi\u1ec1u d\u00e0i c\u00e1p: 2 m\u00e9t<\/p>\n<p>+ \u0110\u1ea7u n\u1ed1i \u0111\u1ea7u d\u00f2: BNC<\/p>\n<p>* Ch\u00fa \u00fd: l\u1edbp m\u00e0ng \u0111i\u1ec7n c\u1ef1c r\u1ea5t m\u1ecfng n\u00ean kh\u00f4ng d\u00f9ng v\u1eadt g\u00ec ch\u1ea1m v\u00e0o l\u1edbp<\/p>\n<p>M\u00e0ng c\u1ee7a sensor.<\/p>\n<p><img decoding=\"async\" class=\"alignnone wp-image-4761 size-full\" src=\"https:\/\/dbbtech.net\/wp-content\/uploads\/2024\/07\/DBB-GIAI-PHAP-KHONG-CO-DIEU-KHIEN-THIET-BI_page-0001-scaled.jpg\" alt=\"H\u1ec7 th\u1ed1ng gi\u00e1m s\u00e1t m\u00f4i tr\u01b0\u1eddng n\u01b0\u1edbc trong nu\u00f4i tr\u1ed3ng th\u1ee7y s\u1ea3n 2 \" width=\"2560\" height=\"1811\" srcset=\"https:\/\/dbbtech.net\/wp-content\/uploads\/2024\/07\/DBB-GIAI-PHAP-KHONG-CO-DIEU-KHIEN-THIET-BI_page-0001-scaled.jpg 2560w, https:\/\/dbbtech.net\/wp-content\/uploads\/2024\/07\/DBB-GIAI-PHAP-KHONG-CO-DIEU-KHIEN-THIET-BI_page-0001-300x212.jpg 300w, https:\/\/dbbtech.net\/wp-content\/uploads\/2024\/07\/DBB-GIAI-PHAP-KHONG-CO-DIEU-KHIEN-THIET-BI_page-0001-1024x724.jpg 1024w, https:\/\/dbbtech.net\/wp-content\/uploads\/2024\/07\/DBB-GIAI-PHAP-KHONG-CO-DIEU-KHIEN-THIET-BI_page-0001-768x543.jpg 768w, https:\/\/dbbtech.net\/wp-content\/uploads\/2024\/07\/DBB-GIAI-PHAP-KHONG-CO-DIEU-KHIEN-THIET-BI_page-0001-1536x1086.jpg 1536w, https:\/\/dbbtech.net\/wp-content\/uploads\/2024\/07\/DBB-GIAI-PHAP-KHONG-CO-DIEU-KHIEN-THIET-BI_page-0001-2048x1448.jpg 2048w, https:\/\/dbbtech.net\/wp-content\/uploads\/2024\/07\/DBB-GIAI-PHAP-KHONG-CO-DIEU-KHIEN-THIET-BI_page-0001-18x12.jpg 18w, https:\/\/dbbtech.net\/wp-content\/uploads\/2024\/07\/DBB-GIAI-PHAP-KHONG-CO-DIEU-KHIEN-THIET-BI_page-0001-370x262.jpg 370w, https:\/\/dbbtech.net\/wp-content\/uploads\/2024\/07\/DBB-GIAI-PHAP-KHONG-CO-DIEU-KHIEN-THIET-BI_page-0001-600x424.jpg 600w\" sizes=\"(max-width: 2560px) 100vw, 2560px\" \/><\/p>\n<p><a href=\"https:\/\/www.facebook.com\/dbbtechvn\">2. Th\u00f4ng S\u1ed1 K\u1ef9 thu\u1eadt-<\/a><b style=\"color: #666666; font-family: Arial, 'Times New Roman', 'Bitstream Charter', Times, serif; font-size: 14px;\">H\u1ec7 th\u1ed1ng<\/b><span style=\"color: #666666; font-family: Arial, 'Times New Roman', 'Bitstream Charter', Times, serif; font-size: 14px;\">\u00a0gi\u00e1m s\u00e1t\u00a0<\/span><b style=\"color: #666666; font-family: Arial, 'Times New Roman', 'Bitstream Charter', Times, serif; font-size: 14px;\">m\u00f4i tr\u01b0\u1eddng<\/b><span style=\"color: #666666; font-family: Arial, 'Times New Roman', 'Bitstream Charter', Times, serif; font-size: 14px;\">\u00a0n\u01b0\u1edbc trong nu\u00f4i tr\u1ed3ng th\u1ee7y s\u1ea3n<\/span><\/p>\n<table width=\"953\">\n<tbody>\n<tr>\n<td width=\"51\"><b>No<\/b><\/td>\n<td width=\"385\"><b>H\u1ea1ng m\u1ee5c<\/b><\/td>\n<td width=\"209\"><b>C\u00f3<\/b><b>\/<\/b><b>Kh\u00f4ng<\/b><\/td>\n<td width=\"113\"><b>K\u00fd hi\u1ec7u<\/b><\/td>\n<td width=\"195\"><b>Ngu\u1ed3n \u0111i\u1ec7n giao ti\u1ebfp<\/b><\/td>\n<\/tr>\n<tr>\n<td width=\"51\">1<\/td>\n<td width=\"385\">Attomat AC 380V<\/td>\n<td width=\"209\">C\u00f3<\/td>\n<td width=\"113\">NXB-63\/C6<\/td>\n<td width=\"195\">380V\/1.5 KW<\/td>\n<\/tr>\n<tr>\n<td width=\"51\">2<\/td>\n<td width=\"385\">Attomat AC 220V<\/td>\n<td width=\"209\">C\u00f3<\/td>\n<td width=\"113\">NXB-63\/C16<\/td>\n<td width=\"195\">220V\/5A<\/td>\n<\/tr>\n<tr>\n<td width=\"51\">3<\/td>\n<td width=\"385\">Contactor<\/td>\n<td width=\"209\">C\u00f3<\/td>\n<td width=\"113\">MC-22B<\/td>\n<td width=\"195\">220V\/1.5 KW<\/td>\n<\/tr>\n<tr>\n<td width=\"51\">3<\/td>\n<td width=\"385\">Chuy\u1ec3n \u0111\u1ed5i AC-DC 12V<\/td>\n<td width=\"209\">C\u00f3<\/td>\n<td width=\"113\">AC-DC12V<\/td>\n<td width=\"195\">12V\/1A<\/td>\n<\/tr>\n<tr>\n<td width=\"51\">4<\/td>\n<td width=\"385\">CPU giao ti\u1ebfp m\u00e1y t\u00ednh<\/td>\n<td width=\"209\">C\u00f3<\/td>\n<td width=\"113\">DBB\/DO20<\/td>\n<td width=\"195\">12V<\/td>\n<\/tr>\n<tr>\n<td width=\"51\">5<\/td>\n<td width=\"385\">M\u00e0n h\u00ecnh hi\u1ec3n th\u1ecb LCD 4&#215;20<\/td>\n<td width=\"209\">C\u00f3<\/td>\n<td width=\"113\">LCD<\/td>\n<td width=\"195\"><\/td>\n<\/tr>\n<tr>\n<td width=\"51\">6<\/td>\n<td width=\"385\">N\u00fat ch\u1ecdn ch\u1ebf \u0111\u1ed9 auto\/manual<\/td>\n<td width=\"209\">C\u00f3<\/td>\n<td width=\"113\">LA38-11D<\/td>\n<td width=\"195\"><\/td>\n<\/tr>\n<tr>\n<td width=\"51\">7<\/td>\n<td width=\"385\">Alam khi h\u1ec7 th\u1ed1ng kh\u00f4ng\u00a0 ho\u1ea1t \u0111\u1ed9ng<\/td>\n<td width=\"209\">c\u00f3<\/td>\n<td width=\"113\">\u00a0TB-1101<\/td>\n<td width=\"195\"><\/td>\n<\/tr>\n<tr>\n<td width=\"51\">8<\/td>\n<td width=\"385\">Alam khi n\u1ed3ng \u0111\u1ed9 oxy d\u01b0\u1edbi ng\u01b0\u1ee1ng cho ph\u00e9p<\/td>\n<td width=\"209\">C\u00f3<\/td>\n<td width=\"113\">\u00a0LED 12V<\/td>\n<td width=\"195\"><\/td>\n<\/tr>\n<tr>\n<td width=\"51\">9<\/td>\n<td width=\"385\">Sensor \u0111o nhi\u1ec7t \u0111\u1ed9 n\u01b0\u1edbc d\u00e2y n\u1ed1i 3m<\/td>\n<td width=\"209\">C\u00f3<\/td>\n<td width=\"113\">0 ~ 20mg\/l<\/td>\n<td width=\"195\">0 ~ 20mg\/l<\/td>\n<\/tr>\n<tr>\n<td width=\"51\">10<\/td>\n<td width=\"385\">Sensor \u0111o n\u1ed3ng \u0111\u1ed9 oxy 2m<\/td>\n<td width=\"209\">C\u00f3<\/td>\n<td width=\"113\">\u00a0NTC B39510<\/td>\n<td width=\"195\"><\/td>\n<\/tr>\n<\/tbody>\n<\/table>\n<div id=\"eJOY__extension_root\" class=\"eJOY__extension_root_class\" style=\"all: unset;\"><\/div>\n<div><img decoding=\"async\" class=\"alignnone wp-image-4759 size-full\" src=\"https:\/\/dbbtech.net\/wp-content\/uploads\/2024\/07\/DBB-GIAI-PHAP-CO-DIEU-KHIEN-THIET-BI-TRONG-DAM_page-0001-scaled.jpg\" alt=\"H\u1ec7 th\u1ed1ng gi\u00e1m s\u00e1t m\u00f4i tr\u01b0\u1eddng n\u01b0\u1edbc trong nu\u00f4i tr\u1ed3ng th\u1ee7y s\u1ea3n\" width=\"2560\" height=\"1811\" srcset=\"https:\/\/dbbtech.net\/wp-content\/uploads\/2024\/07\/DBB-GIAI-PHAP-CO-DIEU-KHIEN-THIET-BI-TRONG-DAM_page-0001-scaled.jpg 2560w, https:\/\/dbbtech.net\/wp-content\/uploads\/2024\/07\/DBB-GIAI-PHAP-CO-DIEU-KHIEN-THIET-BI-TRONG-DAM_page-0001-300x212.jpg 300w, https:\/\/dbbtech.net\/wp-content\/uploads\/2024\/07\/DBB-GIAI-PHAP-CO-DIEU-KHIEN-THIET-BI-TRONG-DAM_page-0001-1024x724.jpg 1024w, https:\/\/dbbtech.net\/wp-content\/uploads\/2024\/07\/DBB-GIAI-PHAP-CO-DIEU-KHIEN-THIET-BI-TRONG-DAM_page-0001-768x543.jpg 768w, https:\/\/dbbtech.net\/wp-content\/uploads\/2024\/07\/DBB-GIAI-PHAP-CO-DIEU-KHIEN-THIET-BI-TRONG-DAM_page-0001-1536x1086.jpg 1536w, https:\/\/dbbtech.net\/wp-content\/uploads\/2024\/07\/DBB-GIAI-PHAP-CO-DIEU-KHIEN-THIET-BI-TRONG-DAM_page-0001-2048x1448.jpg 2048w, https:\/\/dbbtech.net\/wp-content\/uploads\/2024\/07\/DBB-GIAI-PHAP-CO-DIEU-KHIEN-THIET-BI-TRONG-DAM_page-0001-18x12.jpg 18w, https:\/\/dbbtech.net\/wp-content\/uploads\/2024\/07\/DBB-GIAI-PHAP-CO-DIEU-KHIEN-THIET-BI-TRONG-DAM_page-0001-370x262.jpg 370w, https:\/\/dbbtech.net\/wp-content\/uploads\/2024\/07\/DBB-GIAI-PHAP-CO-DIEU-KHIEN-THIET-BI-TRONG-DAM_page-0001-600x424.jpg 600w\" sizes=\"(max-width: 2560px) 100vw, 2560px\" \/><\/div>\n<div><\/div>\n<div><\/div>","protected":false},"excerpt":{"rendered":"<p><img decoding=\"async\" class=\"alignnone wp-image-4759 size-full\" src=\"https:\/\/dbbtech.net\/wp-content\/uploads\/2024\/07\/DBB-GIAI-PHAP-CO-DIEU-KHIEN-THIET-BI-TRONG-DAM_page-0001-scaled.jpg\" alt=\"H\u1ec7 th\u1ed1ng gi\u00e1m s\u00e1t m\u00f4i tr\u01b0\u1eddng n\u01b0\u1edbc trong nu\u00f4i tr\u1ed3ng th\u1ee7y s\u1ea3n\" width=\"2560\" height=\"1811\" srcset=\"https:\/\/dbbtech.net\/wp-content\/uploads\/2024\/07\/DBB-GIAI-PHAP-CO-DIEU-KHIEN-THIET-BI-TRONG-DAM_page-0001-scaled.jpg 2560w, https:\/\/dbbtech.net\/wp-content\/uploads\/2024\/07\/DBB-GIAI-PHAP-CO-DIEU-KHIEN-THIET-BI-TRONG-DAM_page-0001-300x212.jpg 300w, https:\/\/dbbtech.net\/wp-content\/uploads\/2024\/07\/DBB-GIAI-PHAP-CO-DIEU-KHIEN-THIET-BI-TRONG-DAM_page-0001-1024x724.jpg 1024w, https:\/\/dbbtech.net\/wp-content\/uploads\/2024\/07\/DBB-GIAI-PHAP-CO-DIEU-KHIEN-THIET-BI-TRONG-DAM_page-0001-768x543.jpg 768w, https:\/\/dbbtech.net\/wp-content\/uploads\/2024\/07\/DBB-GIAI-PHAP-CO-DIEU-KHIEN-THIET-BI-TRONG-DAM_page-0001-1536x1086.jpg 1536w, https:\/\/dbbtech.net\/wp-content\/uploads\/2024\/07\/DBB-GIAI-PHAP-CO-DIEU-KHIEN-THIET-BI-TRONG-DAM_page-0001-2048x1448.jpg 2048w, https:\/\/dbbtech.net\/wp-content\/uploads\/2024\/07\/DBB-GIAI-PHAP-CO-DIEU-KHIEN-THIET-BI-TRONG-DAM_page-0001-18x12.jpg 18w, https:\/\/dbbtech.net\/wp-content\/uploads\/2024\/07\/DBB-GIAI-PHAP-CO-DIEU-KHIEN-THIET-BI-TRONG-DAM_page-0001-370x262.jpg 370w, https:\/\/dbbtech.net\/wp-content\/uploads\/2024\/07\/DBB-GIAI-PHAP-CO-DIEU-KHIEN-THIET-BI-TRONG-DAM_page-0001-600x424.jpg 600w\" sizes=\"(max-width: 2560px) 100vw, 2560px\" \/><\/p>\n<div id=\"eJOY__extension_root\" class=\"eJOY__extension_root_class\" style=\"all: unset;\"><\/div>","protected":false},"featured_media":4689,"comment_status":"open","ping_status":"closed","template":"","meta":[],"product_cat":[15,218],"product_tag":[],"class_list":{"0":"post-4688","1":"product","2":"type-product","3":"status-publish","4":"has-post-thumbnail","6":"product_cat-uncategorized","7":"product_cat-thiet-bi-nong-nghiep","9":"first","10":"instock","11":"shipping-taxable","12":"purchasable","13":"product-type-simple","14":"col-xs-6 col-sm-4","15":"col-md-3 col-lg-3","16":"un-4-cols"},"yoast_head":"<!-- This site is optimized with the Yoast SEO plugin v23.1 - https:\/\/yoast.com\/wordpress\/plugins\/seo\/ -->\n<title>H\u1ec7 th\u1ed1ng gi\u00e1m s\u00e1t m\u00f4i tr\u01b0\u1eddng n\u01b0\u1edbc trong nu\u00f4i tr\u1ed3ng th\u1ee7y s\u1ea3n - DBB TECH<\/title>\n<meta name=\"description\" content=\"Thi\u1ebft b\u1ecb gi\u00e1m s\u00e1t nhi\u1ec7t \u0111\u1ed9 n\u01b0\u1edbc v\u00e0 n\u1ed3ng \u0111\u1ed9 oxi trong nu\u00f4i tr\u1ed3ng th\u1ee7y s\u1ea3n \u0111o li\u00ean t\u1ee5c v\u00e0 ch\u00ednh x\u00e1c c\u00e1c ch\u1ec9 ti\u00eau quan tr\u1ecdng nh\u01b0 pH, \u0111\u1ed9 oxy h\u00f2a tan, \u0111\u1ed9 \u0111\u1ee5c,...\" \/>\n<meta name=\"robots\" content=\"index, follow, max-snippet:-1, max-image-preview:large, max-video-preview:-1\" \/>\n<link rel=\"canonical\" href=\"https:\/\/dbbtech.net\/en\/product\/he-thong-giam-sat-moi-truong-nuoc-trong-nuoi-trong-thuy-san\/\" \/>\n<meta property=\"og:locale\" content=\"en_US\" \/>\n<meta property=\"og:type\" content=\"article\" \/>\n<meta property=\"og:title\" content=\"H\u1ec7 th\u1ed1ng gi\u00e1m s\u00e1t m\u00f4i tr\u01b0\u1eddng n\u01b0\u1edbc trong nu\u00f4i tr\u1ed3ng th\u1ee7y s\u1ea3n - DBB TECH\" \/>\n<meta property=\"og:description\" content=\"Thi\u1ebft b\u1ecb gi\u00e1m s\u00e1t nhi\u1ec7t \u0111\u1ed9 n\u01b0\u1edbc v\u00e0 n\u1ed3ng \u0111\u1ed9 oxi trong nu\u00f4i tr\u1ed3ng th\u1ee7y s\u1ea3n \u0111o li\u00ean t\u1ee5c v\u00e0 ch\u00ednh x\u00e1c c\u00e1c ch\u1ec9 ti\u00eau quan tr\u1ecdng nh\u01b0 pH, \u0111\u1ed9 oxy h\u00f2a tan, \u0111\u1ed9 \u0111\u1ee5c,...\" \/>\n<meta property=\"og:url\" content=\"https:\/\/dbbtech.net\/en\/product\/he-thong-giam-sat-moi-truong-nuoc-trong-nuoi-trong-thuy-san\/\" \/>\n<meta property=\"og:site_name\" content=\"DBB TECH\" \/>\n<meta property=\"article:publisher\" content=\"https:\/\/www.facebook.com\/dbbtechvn\/\" \/>\n<meta property=\"article:modified_time\" content=\"2024-08-03T10:14:09+00:00\" \/>\n<meta property=\"og:image\" content=\"https:\/\/dbbtech.net\/wp-content\/uploads\/2024\/07\/Oxi.jpg\" \/>\n\t<meta property=\"og:image:width\" content=\"529\" \/>\n\t<meta property=\"og:image:height\" content=\"671\" \/>\n\t<meta property=\"og:image:type\" content=\"image\/jpeg\" \/>\n<meta name=\"twitter:card\" content=\"summary_large_image\" \/>\n<meta name=\"twitter:label1\" content=\"Est. reading time\" \/>\n\t<meta name=\"twitter:data1\" content=\"3 minutes\" \/>\n<script type=\"application\/ld+json\" class=\"yoast-schema-graph\">{\"@context\":\"https:\/\/schema.org\",\"@graph\":[{\"@type\":\"WebPage\",\"@id\":\"https:\/\/dbbtech.net\/san-pham\/he-thong-giam-sat-moi-truong-nuoc-trong-nuoi-trong-thuy-san\/\",\"url\":\"https:\/\/dbbtech.net\/san-pham\/he-thong-giam-sat-moi-truong-nuoc-trong-nuoi-trong-thuy-san\/\",\"name\":\"H\u1ec7 th\u1ed1ng gi\u00e1m s\u00e1t m\u00f4i tr\u01b0\u1eddng n\u01b0\u1edbc trong nu\u00f4i tr\u1ed3ng th\u1ee7y s\u1ea3n - DBB TECH\",\"isPartOf\":{\"@id\":\"https:\/\/dbbtech.net\/#website\"},\"primaryImageOfPage\":{\"@id\":\"https:\/\/dbbtech.net\/san-pham\/he-thong-giam-sat-moi-truong-nuoc-trong-nuoi-trong-thuy-san\/#primaryimage\"},\"image\":{\"@id\":\"https:\/\/dbbtech.net\/san-pham\/he-thong-giam-sat-moi-truong-nuoc-trong-nuoi-trong-thuy-san\/#primaryimage\"},\"thumbnailUrl\":\"https:\/\/dbbtech.net\/wp-content\/uploads\/2024\/07\/Oxi-e1744819572538.jpg\",\"datePublished\":\"2024-07-10T07:33:50+00:00\",\"dateModified\":\"2024-08-03T10:14:09+00:00\",\"description\":\"Thi\u1ebft b\u1ecb gi\u00e1m s\u00e1t nhi\u1ec7t \u0111\u1ed9 n\u01b0\u1edbc v\u00e0 n\u1ed3ng \u0111\u1ed9 oxi trong nu\u00f4i tr\u1ed3ng th\u1ee7y s\u1ea3n \u0111o li\u00ean t\u1ee5c v\u00e0 ch\u00ednh x\u00e1c c\u00e1c ch\u1ec9 ti\u00eau quan tr\u1ecdng nh\u01b0 pH, \u0111\u1ed9 oxy h\u00f2a tan, \u0111\u1ed9 \u0111\u1ee5c,...\",\"breadcrumb\":{\"@id\":\"https:\/\/dbbtech.net\/san-pham\/he-thong-giam-sat-moi-truong-nuoc-trong-nuoi-trong-thuy-san\/#breadcrumb\"},\"inLanguage\":\"en-US\",\"potentialAction\":[{\"@type\":\"ReadAction\",\"target\":[\"https:\/\/dbbtech.net\/san-pham\/he-thong-giam-sat-moi-truong-nuoc-trong-nuoi-trong-thuy-san\/\"]}]},{\"@type\":\"ImageObject\",\"inLanguage\":\"en-US\",\"@id\":\"https:\/\/dbbtech.net\/san-pham\/he-thong-giam-sat-moi-truong-nuoc-trong-nuoi-trong-thuy-san\/#primaryimage\",\"url\":\"https:\/\/dbbtech.net\/wp-content\/uploads\/2024\/07\/Oxi-e1744819572538.jpg\",\"contentUrl\":\"https:\/\/dbbtech.net\/wp-content\/uploads\/2024\/07\/Oxi-e1744819572538.jpg\",\"width\":200,\"height\":254},{\"@type\":\"BreadcrumbList\",\"@id\":\"https:\/\/dbbtech.net\/san-pham\/he-thong-giam-sat-moi-truong-nuoc-trong-nuoi-trong-thuy-san\/#breadcrumb\",\"itemListElement\":[{\"@type\":\"ListItem\",\"position\":1,\"name\":\"Trang ch\u1ee7\",\"item\":\"https:\/\/dbbtech.net\/\"},{\"@type\":\"ListItem\",\"position\":2,\"name\":\"Shop\",\"item\":\"https:\/\/dbbtech.net\/shop\/\"},{\"@type\":\"ListItem\",\"position\":3,\"name\":\"H\u1ec7 th\u1ed1ng gi\u00e1m s\u00e1t m\u00f4i tr\u01b0\u1eddng n\u01b0\u1edbc trong nu\u00f4i tr\u1ed3ng th\u1ee7y s\u1ea3n\"}]},{\"@type\":\"WebSite\",\"@id\":\"https:\/\/dbbtech.net\/#website\",\"url\":\"https:\/\/dbbtech.net\/\",\"name\":\"DBB TECH\",\"description\":\"Lu\u00f4n \u0111\u1ed3ng h\u00e0nh c\u00f9ng b\u1ea1n\",\"publisher\":{\"@id\":\"https:\/\/dbbtech.net\/#organization\"},\"potentialAction\":[{\"@type\":\"SearchAction\",\"target\":{\"@type\":\"EntryPoint\",\"urlTemplate\":\"https:\/\/dbbtech.net\/?s={search_term_string}\"},\"query-input\":\"required name=search_term_string\"}],\"inLanguage\":\"en-US\"},{\"@type\":\"Organization\",\"@id\":\"https:\/\/dbbtech.net\/#organization\",\"name\":\"C\u00d4NG TY TNHH DBB TECH VI\u1ec6T NAM\",\"url\":\"https:\/\/dbbtech.net\/\",\"logo\":{\"@type\":\"ImageObject\",\"inLanguage\":\"en-US\",\"@id\":\"https:\/\/dbbtech.net\/#\/schema\/logo\/image\/\",\"url\":\"https:\/\/dbbtech.net\/wp-content\/uploads\/2024\/08\/LOGO-DBB-5-XOA-FONT.png\",\"contentUrl\":\"https:\/\/dbbtech.net\/wp-content\/uploads\/2024\/08\/LOGO-DBB-5-XOA-FONT.png\",\"width\":1600,\"height\":1280,\"caption\":\"C\u00d4NG TY TNHH DBB TECH VI\u1ec6T NAM\"},\"image\":{\"@id\":\"https:\/\/dbbtech.net\/#\/schema\/logo\/image\/\"},\"sameAs\":[\"https:\/\/www.facebook.com\/dbbtechvn\/\",\"https:\/\/www.youtube.com\/@DBB-CONGNGHEMOI-ve6pi\"]}]}<\/script>\n<!-- \/ Yoast SEO plugin. -->","yoast_head_json":{"title":"H\u1ec7 th\u1ed1ng gi\u00e1m s\u00e1t m\u00f4i tr\u01b0\u1eddng n\u01b0\u1edbc trong nu\u00f4i tr\u1ed3ng th\u1ee7y s\u1ea3n - DBB TECH","description":"Thi\u1ebft b\u1ecb gi\u00e1m s\u00e1t nhi\u1ec7t \u0111\u1ed9 n\u01b0\u1edbc v\u00e0 n\u1ed3ng \u0111\u1ed9 oxi trong nu\u00f4i tr\u1ed3ng th\u1ee7y s\u1ea3n \u0111o li\u00ean t\u1ee5c v\u00e0 ch\u00ednh x\u00e1c c\u00e1c ch\u1ec9 ti\u00eau quan tr\u1ecdng nh\u01b0 pH, \u0111\u1ed9 oxy h\u00f2a tan, \u0111\u1ed9 \u0111\u1ee5c,...","robots":{"index":"index","follow":"follow","max-snippet":"max-snippet:-1","max-image-preview":"max-image-preview:large","max-video-preview":"max-video-preview:-1"},"canonical":"https:\/\/dbbtech.net\/en\/product\/he-thong-giam-sat-moi-truong-nuoc-trong-nuoi-trong-thuy-san\/","og_locale":"en_US","og_type":"article","og_title":"H\u1ec7 th\u1ed1ng gi\u00e1m s\u00e1t m\u00f4i tr\u01b0\u1eddng n\u01b0\u1edbc trong nu\u00f4i tr\u1ed3ng th\u1ee7y s\u1ea3n - DBB TECH","og_description":"Thi\u1ebft b\u1ecb gi\u00e1m s\u00e1t nhi\u1ec7t \u0111\u1ed9 n\u01b0\u1edbc v\u00e0 n\u1ed3ng \u0111\u1ed9 oxi trong nu\u00f4i tr\u1ed3ng th\u1ee7y s\u1ea3n \u0111o li\u00ean t\u1ee5c v\u00e0 ch\u00ednh x\u00e1c c\u00e1c ch\u1ec9 ti\u00eau quan tr\u1ecdng nh\u01b0 pH, \u0111\u1ed9 oxy h\u00f2a tan, \u0111\u1ed9 \u0111\u1ee5c,...","og_url":"https:\/\/dbbtech.net\/en\/product\/he-thong-giam-sat-moi-truong-nuoc-trong-nuoi-trong-thuy-san\/","og_site_name":"DBB TECH","article_publisher":"https:\/\/www.facebook.com\/dbbtechvn\/","article_modified_time":"2024-08-03T10:14:09+00:00","og_image":[{"width":529,"height":671,"url":"https:\/\/dbbtech.net\/wp-content\/uploads\/2024\/07\/Oxi.jpg","type":"image\/jpeg"}],"twitter_card":"summary_large_image","twitter_misc":{"Est. reading time":"3 minutes"},"schema":{"@context":"https:\/\/schema.org","@graph":[{"@type":"WebPage","@id":"https:\/\/dbbtech.net\/san-pham\/he-thong-giam-sat-moi-truong-nuoc-trong-nuoi-trong-thuy-san\/","url":"https:\/\/dbbtech.net\/san-pham\/he-thong-giam-sat-moi-truong-nuoc-trong-nuoi-trong-thuy-san\/","name":"H\u1ec7 th\u1ed1ng gi\u00e1m s\u00e1t m\u00f4i tr\u01b0\u1eddng n\u01b0\u1edbc trong nu\u00f4i tr\u1ed3ng th\u1ee7y s\u1ea3n - DBB TECH","isPartOf":{"@id":"https:\/\/dbbtech.net\/#website"},"primaryImageOfPage":{"@id":"https:\/\/dbbtech.net\/san-pham\/he-thong-giam-sat-moi-truong-nuoc-trong-nuoi-trong-thuy-san\/#primaryimage"},"image":{"@id":"https:\/\/dbbtech.net\/san-pham\/he-thong-giam-sat-moi-truong-nuoc-trong-nuoi-trong-thuy-san\/#primaryimage"},"thumbnailUrl":"https:\/\/dbbtech.net\/wp-content\/uploads\/2024\/07\/Oxi-e1744819572538.jpg","datePublished":"2024-07-10T07:33:50+00:00","dateModified":"2024-08-03T10:14:09+00:00","description":"Thi\u1ebft b\u1ecb gi\u00e1m s\u00e1t nhi\u1ec7t \u0111\u1ed9 n\u01b0\u1edbc v\u00e0 n\u1ed3ng \u0111\u1ed9 oxi trong nu\u00f4i tr\u1ed3ng th\u1ee7y s\u1ea3n \u0111o li\u00ean t\u1ee5c v\u00e0 ch\u00ednh x\u00e1c c\u00e1c ch\u1ec9 ti\u00eau quan tr\u1ecdng nh\u01b0 pH, \u0111\u1ed9 oxy h\u00f2a tan, \u0111\u1ed9 \u0111\u1ee5c,...","breadcrumb":{"@id":"https:\/\/dbbtech.net\/san-pham\/he-thong-giam-sat-moi-truong-nuoc-trong-nuoi-trong-thuy-san\/#breadcrumb"},"inLanguage":"en-US","potentialAction":[{"@type":"ReadAction","target":["https:\/\/dbbtech.net\/san-pham\/he-thong-giam-sat-moi-truong-nuoc-trong-nuoi-trong-thuy-san\/"]}]},{"@type":"ImageObject","inLanguage":"en-US","@id":"https:\/\/dbbtech.net\/san-pham\/he-thong-giam-sat-moi-truong-nuoc-trong-nuoi-trong-thuy-san\/#primaryimage","url":"https:\/\/dbbtech.net\/wp-content\/uploads\/2024\/07\/Oxi-e1744819572538.jpg","contentUrl":"https:\/\/dbbtech.net\/wp-content\/uploads\/2024\/07\/Oxi-e1744819572538.jpg","width":200,"height":254},{"@type":"BreadcrumbList","@id":"https:\/\/dbbtech.net\/san-pham\/he-thong-giam-sat-moi-truong-nuoc-trong-nuoi-trong-thuy-san\/#breadcrumb","itemListElement":[{"@type":"ListItem","position":1,"name":"Trang ch\u1ee7","item":"https:\/\/dbbtech.net\/"},{"@type":"ListItem","position":2,"name":"Shop","item":"https:\/\/dbbtech.net\/shop\/"},{"@type":"ListItem","position":3,"name":"H\u1ec7 th\u1ed1ng gi\u00e1m s\u00e1t m\u00f4i tr\u01b0\u1eddng n\u01b0\u1edbc trong nu\u00f4i tr\u1ed3ng th\u1ee7y s\u1ea3n"}]},{"@type":"WebSite","@id":"https:\/\/dbbtech.net\/#website","url":"https:\/\/dbbtech.net\/","name":"DBB TECH","description":"Lu\u00f4n \u0111\u1ed3ng h\u00e0nh c\u00f9ng b\u1ea1n","publisher":{"@id":"https:\/\/dbbtech.net\/#organization"},"potentialAction":[{"@type":"SearchAction","target":{"@type":"EntryPoint","urlTemplate":"https:\/\/dbbtech.net\/?s={search_term_string}"},"query-input":"required name=search_term_string"}],"inLanguage":"en-US"},{"@type":"Organization","@id":"https:\/\/dbbtech.net\/#organization","name":"C\u00d4NG TY TNHH DBB TECH VI\u1ec6T NAM","url":"https:\/\/dbbtech.net\/","logo":{"@type":"ImageObject","inLanguage":"en-US","@id":"https:\/\/dbbtech.net\/#\/schema\/logo\/image\/","url":"https:\/\/dbbtech.net\/wp-content\/uploads\/2024\/08\/LOGO-DBB-5-XOA-FONT.png","contentUrl":"https:\/\/dbbtech.net\/wp-content\/uploads\/2024\/08\/LOGO-DBB-5-XOA-FONT.png","width":1600,"height":1280,"caption":"C\u00d4NG TY TNHH DBB TECH VI\u1ec6T NAM"},"image":{"@id":"https:\/\/dbbtech.net\/#\/schema\/logo\/image\/"},"sameAs":["https:\/\/www.facebook.com\/dbbtechvn\/","https:\/\/www.youtube.com\/@DBB-CONGNGHEMOI-ve6pi"]}]}},"_links":{"self":[{"href":"https:\/\/dbbtech.net\/en\/wp-json\/wp\/v2\/product\/4688","targetHints":{"allow":["GET"]}}],"collection":[{"href":"https:\/\/dbbtech.net\/en\/wp-json\/wp\/v2\/product"}],"about":[{"href":"https:\/\/dbbtech.net\/en\/wp-json\/wp\/v2\/types\/product"}],"replies":[{"embeddable":true,"href":"https:\/\/dbbtech.net\/en\/wp-json\/wp\/v2\/comments?post=4688"}],"wp:featuredmedia":[{"embeddable":true,"href":"https:\/\/dbbtech.net\/en\/wp-json\/wp\/v2\/media\/4689"}],"wp:attachment":[{"href":"https:\/\/dbbtech.net\/en\/wp-json\/wp\/v2\/media?parent=4688"}],"wp:term":[{"taxonomy":"product_cat","embeddable":true,"href":"https:\/\/dbbtech.net\/en\/wp-json\/wp\/v2\/product_cat?post=4688"},{"taxonomy":"product_tag","embeddable":true,"href":"https:\/\/dbbtech.net\/en\/wp-json\/wp\/v2\/product_tag?post=4688"}],"curies":[{"name":"wp","href":"https:\/\/api.w.org\/{rel}","templated":true}]}}