{"id":4670,"date":"2024-07-02T23:03:12","date_gmt":"2024-07-02T16:03:12","guid":{"rendered":"https:\/\/dbbtech.net\/?post_type=product&#038;p=4670"},"modified":"2024-07-02T23:09:01","modified_gmt":"2024-07-02T16:09:01","slug":"es01c-thiet-bi-dieu-khien-va-canh-bao-mat-dien-co-coi-hu-bao-dong","status":"publish","type":"product","link":"https:\/\/dbbtech.net\/en\/product\/es01c-thiet-bi-dieu-khien-va-canh-bao-mat-dien-co-coi-hu-bao-dong\/","title":{"rendered":"ES01C &#8211; THI\u1ebeT B\u1eca \u0110I\u1ec0U KHI\u1ec2N V\u00c0 C\u1ea2NH B\u00c1O M\u1ea4T \u0110I\u1ec6N C\u00d3 C\u00d2I H\u00da B\u00c1O \u0110\u1ed8NG"},"content":{"rendered":"<p>&#8211; C\u1ea3nh b\u00e1o m\u1ea5t \u0111i\u1ec7n t\u1eeb xa qua \u0111i\u1ec7n tho\u1ea1i, c\u1ea3nh b\u00e1o khi c\u00f3 \u0111i\u1ec7n v\u00e0 m\u1ea5t \u0111i\u1ec7n, c\u00e0i \u0111\u1eb7t 5 s\u1ed1 qu\u1ea3n l\u00ed, t\u00edch h\u1ee3p c\u00f2i b\u00e1o \u0111\u1ed9ng 3 ph\u00fat khi m\u1ea5t \u0111i\u1ec7n<br \/>\n&#8211; Thi\u1ebft b\u1ecb c\u1ea3nh b\u00e1o m\u1ea5t \u0111i\u1ec7n qua \u0111i\u1ec7n tho\u1ea1i c\u00f3 c\u00f2i b\u00e1o \u0111\u1ed9ng ES01C do c\u00f4ng ty c\u1ed5 ph\u1ea7n Lazico Nghi\u00ean c\u1ee9u v\u00e0 s\u1ea3n xu\u1ea5t. Thi\u1ebft b\u1ecb s\u1eed d\u1ee5ng\u00a0<strong>s\u00f3ng GSM 4G, 3G, 2G,\u00a0<\/strong>t\u01b0\u01a1ng th\u00edch v\u1edbi c\u00e1c nh\u00e0 m\u1ea1ng l\u1edbn \u1edf Vi\u1ec7t Nam (viettel, mobiphone, vinaphone,\u2026)<\/p>\n<p>&#8211; Khi m\u1ea5t \u0111i\u1ec7n thi\u1ebft b\u1ecb t\u1ef1 \u0111\u1ed9ng g\u1eedi c\u1ea3nh b\u00e1o qua tin nh\u1eafn v\u00e0 cu\u1ed9c g\u1ecdi \u0111\u1ebfn ng\u01b0\u1eddi qu\u1ea3n l\u00ed v\u00e0 khi c\u00f3 \u0111i\u1ec7n, thi\u1ebft b\u1ecb c\u0169ng ph\u1ea3n h\u1ed3i tin nh\u1eafn v\u00e0 cu\u1ed9c g\u1ecdi c\u00f3 \u0111i\u1ec7n. T\u1ed1i \u01b0u h\u01a1n nhi\u1ec1u so v\u1edbi c\u00e1c b\u1ed9 c\u1ea3nh b\u00e1o m\u1ea5t \u0111i\u1ec7n tr\u00ean th\u1ecb tr\u01b0\u1eddng<\/p>\n<p>&#8211; C\u00e0i \u0111\u1eb7t t\u1ed1i \u0111a 5 ng\u01b0\u1eddi qu\u1ea3n l\u00ed c\u1ee7a thi\u1ebft b\u1ecb, thi\u1ebft b\u1ecb t\u1ef1\u00a0<strong>g\u1ecdi \u0111i\u1ec7n c\u1ea3nh b\u00e1o 2 v\u00f2ng<\/strong>\u00a0cho t\u1eebng ng\u01b0\u1eddi qu\u1ea3n l\u00ed<\/p>\n<p>&#8211; \u0110\u00e3 t\u00edch h\u1ee3p s\u1eb5n pin \u1edf b\u00ean trong,\u00a0<strong>t\u1ef1 \u0111\u1ed9ng s\u1ea1c khi pin y\u1ebfu,<\/strong>\u00a0ng\u01b0\u1eddi d\u00f9ng kh\u00f4ng c\u1ea7n ph\u1ea3i d\u00f9ng acquy ngo\u00e0i.<\/p>\n<p>&#8211; V\u1edbi b\u1ed9 ES01C \u0111\u00e3 t\u00edch h\u1ee3p c\u00f2i b\u00e1o \u0111\u1ed9ng t\u1ea1i ch\u1ed7. Khi x\u1ea3y ra s\u1ef1 c\u1ed1 m\u1ea5t \u0111i\u1ec7n, c\u00f2i h\u00fa b\u00e1o \u0111\u1ed9ng s\u1ebd h\u00fa trong v\u00f2ng 3 ph\u00fat r\u1ed3i t\u1ef1 ng\u1eaft<\/p>\n<p>&#8211; Thi\u1ebft k\u1ebf c\u1ef1c k\u00ec nh\u1ecf g\u1ecdn v\u00e0 d\u1ec5 d\u00e0ng s\u1eed d\u1ee5ng, ph\u00f9 h\u1ee3p \u0111\u1ec3 \u1edf ngo\u00e0i c\u0169ng nh\u01b0 \u0111\u1ea5u n\u1ed1i trong t\u1ee7 \u0111i\u1ec7n.<\/p>\n<p>&#8211; B\u1ed9 c\u1ea3nh b\u00e1o m\u1ea5t \u0111i\u1ec7n qua \u0111i\u1ec7n tho\u1ea1i s\u1eed d\u1ee5ng linh ki\u1ec7n ch\u00ednh h\u00e3ng, c\u00f3 ngu\u1ed3n g\u1ed1c xu\u1ea5t x\u1ee9 r\u00f5 r\u00e0ng. \u0110\u01b0\u1ee3c b\u1ea3o h\u00e0nh 12 th\u00e1ng v\u00e0 1 \u0111\u1ed5i 1 trong 30 ng\u00e0y \u0111\u1ea7u n\u1ebfu l\u1ed7i do nh\u00e0 s\u1ea3n xu\u1ea5t.<\/p>","protected":false},"excerpt":{"rendered":"<div class=\"highLight\">\n<p>C\u1ea3nh b\u00e1o m\u1ea5t v\u00e0 c\u00f3 \u0111i\u1ec7n qua tin nh\u1eafn, cu\u1ed9c g\u1ecdi<\/p>\n<p>T\u1ed1i \u0111a 5 ng\u01b0\u1eddi qu\u1ea3n l\u00ed<\/p>\n<p>G\u1ecdi \u0111i\u1ec7n c\u1ea3nh b\u00e1o 2 v\u00f2ng \u0111\u1ebfn l\u1ea7n l\u01b0\u1ee3t t\u1eebng ng\u01b0\u1eddi qu\u1ea3n l\u00ed<\/p>\n<p>C\u00f3 c\u00f2i h\u00fa b\u00e1o \u0111\u1ed9ng t\u1ea1i ch\u1ed7 3 ph\u00fat<\/p>\n<p>\u0110i\u1ec1u khi\u1ec3n c\u00e1c thi\u1ebft b\u1ecb t\u1eeb xa kh\u00f4ng gi\u1edbi h\u1ea1n kho\u1ea3ng c\u00e1ch<\/p>\n<p>C\u00f3 th\u1ec3 c\u1ea5u h\u00ecnh nh\u1eadn cu\u1ed9c g\u1ecdi c\u1ea3nh b\u00e1o<\/p>\n<p>B\u1ea3o h\u00e0nh 12 th\u00e1ng v\u00e0 1 \u0111\u1ed5i 1 trong 30 ng\u00e0y n\u1ebfu l\u1ed7i do nh\u00e0 s\u1ea3n xu\u1ea5t<\/p>\n<\/div>","protected":false},"featured_media":4675,"comment_status":"open","ping_status":"closed","template":"","meta":[],"product_cat":[218],"product_tag":[],"class_list":{"0":"post-4670","1":"product","2":"type-product","3":"status-publish","4":"has-post-thumbnail","6":"product_cat-thiet-bi-nong-nghiep","7":"product_brand-lazico","9":"first","10":"outofstock","11":"shipping-taxable","12":"purchasable","13":"product-type-simple","14":"col-xs-6 col-sm-4","15":"col-md-3 col-lg-3","16":"un-4-cols"},"yoast_head":"<!-- This site is optimized with the Yoast SEO plugin v23.1 - https:\/\/yoast.com\/wordpress\/plugins\/seo\/ -->\n<title>ES01C - THI\u1ebeT B\u1eca \u0110I\u1ec0U KHI\u1ec2N V\u00c0 C\u1ea2NH B\u00c1O M\u1ea4T \u0110I\u1ec6N C\u00d3 C\u00d2I H\u00da B\u00c1O \u0110\u1ed8NG - DBB TECH<\/title>\n<meta name=\"robots\" content=\"index, follow, max-snippet:-1, max-image-preview:large, max-video-preview:-1\" \/>\n<link rel=\"canonical\" href=\"https:\/\/dbbtech.net\/en\/product\/es01c-thiet-bi-dieu-khien-va-canh-bao-mat-dien-co-coi-hu-bao-dong\/\" \/>\n<meta property=\"og:locale\" content=\"en_US\" \/>\n<meta property=\"og:type\" content=\"article\" \/>\n<meta property=\"og:title\" content=\"ES01C - THI\u1ebeT B\u1eca \u0110I\u1ec0U KHI\u1ec2N V\u00c0 C\u1ea2NH B\u00c1O M\u1ea4T \u0110I\u1ec6N C\u00d3 C\u00d2I H\u00da B\u00c1O \u0110\u1ed8NG - DBB TECH\" \/>\n<meta property=\"og:description\" content=\"C\u1ea3nh b\u00e1o m\u1ea5t v\u00e0 c\u00f3 \u0111i\u1ec7n qua tin nh\u1eafn, cu\u1ed9c g\u1ecdi  T\u1ed1i \u0111a 5 ng\u01b0\u1eddi qu\u1ea3n l\u00ed  G\u1ecdi \u0111i\u1ec7n c\u1ea3nh b\u00e1o 2 v\u00f2ng \u0111\u1ebfn l\u1ea7n l\u01b0\u1ee3t t\u1eebng ng\u01b0\u1eddi qu\u1ea3n l\u00ed  C\u00f3 c\u00f2i h\u00fa b\u00e1o \u0111\u1ed9ng t\u1ea1i ch\u1ed7 3 ph\u00fat  \u0110i\u1ec1u khi\u1ec3n c\u00e1c thi\u1ebft b\u1ecb t\u1eeb xa kh\u00f4ng gi\u1edbi h\u1ea1n kho\u1ea3ng c\u00e1ch  C\u00f3 th\u1ec3 c\u1ea5u h\u00ecnh nh\u1eadn cu\u1ed9c g\u1ecdi c\u1ea3nh b\u00e1o  B\u1ea3o h\u00e0nh 12 th\u00e1ng v\u00e0 1 \u0111\u1ed5i 1 trong 30 ng\u00e0y n\u1ebfu l\u1ed7i do nh\u00e0 s\u1ea3n xu\u1ea5t\" \/>\n<meta property=\"og:url\" content=\"https:\/\/dbbtech.net\/en\/product\/es01c-thiet-bi-dieu-khien-va-canh-bao-mat-dien-co-coi-hu-bao-dong\/\" \/>\n<meta property=\"og:site_name\" content=\"DBB TECH\" \/>\n<meta property=\"article:publisher\" content=\"https:\/\/www.facebook.com\/dbbtechvn\/\" \/>\n<meta property=\"article:modified_time\" content=\"2024-07-02T16:09:01+00:00\" \/>\n<meta property=\"og:image\" content=\"https:\/\/dbbtech.net\/wp-content\/uploads\/2024\/07\/ES01C_3.png\" \/>\n\t<meta property=\"og:image:width\" content=\"900\" \/>\n\t<meta property=\"og:image:height\" content=\"900\" \/>\n\t<meta property=\"og:image:type\" content=\"image\/png\" \/>\n<meta name=\"twitter:card\" content=\"summary_large_image\" \/>\n<meta name=\"twitter:label1\" content=\"Est. reading time\" \/>\n\t<meta name=\"twitter:data1\" content=\"2 minutes\" \/>\n<script type=\"application\/ld+json\" class=\"yoast-schema-graph\">{\"@context\":\"https:\/\/schema.org\",\"@graph\":[{\"@type\":\"WebPage\",\"@id\":\"https:\/\/dbbtech.net\/san-pham\/es01c-thiet-bi-dieu-khien-va-canh-bao-mat-dien-co-coi-hu-bao-dong\/\",\"url\":\"https:\/\/dbbtech.net\/san-pham\/es01c-thiet-bi-dieu-khien-va-canh-bao-mat-dien-co-coi-hu-bao-dong\/\",\"name\":\"ES01C - THI\u1ebeT B\u1eca \u0110I\u1ec0U KHI\u1ec2N V\u00c0 C\u1ea2NH B\u00c1O M\u1ea4T \u0110I\u1ec6N C\u00d3 C\u00d2I H\u00da B\u00c1O \u0110\u1ed8NG - DBB TECH\",\"isPartOf\":{\"@id\":\"https:\/\/dbbtech.net\/#website\"},\"primaryImageOfPage\":{\"@id\":\"https:\/\/dbbtech.net\/san-pham\/es01c-thiet-bi-dieu-khien-va-canh-bao-mat-dien-co-coi-hu-bao-dong\/#primaryimage\"},\"image\":{\"@id\":\"https:\/\/dbbtech.net\/san-pham\/es01c-thiet-bi-dieu-khien-va-canh-bao-mat-dien-co-coi-hu-bao-dong\/#primaryimage\"},\"thumbnailUrl\":\"https:\/\/dbbtech.net\/wp-content\/uploads\/2024\/07\/ES01C_3.png\",\"datePublished\":\"2024-07-02T16:03:12+00:00\",\"dateModified\":\"2024-07-02T16:09:01+00:00\",\"breadcrumb\":{\"@id\":\"https:\/\/dbbtech.net\/san-pham\/es01c-thiet-bi-dieu-khien-va-canh-bao-mat-dien-co-coi-hu-bao-dong\/#breadcrumb\"},\"inLanguage\":\"en-US\",\"potentialAction\":[{\"@type\":\"ReadAction\",\"target\":[\"https:\/\/dbbtech.net\/san-pham\/es01c-thiet-bi-dieu-khien-va-canh-bao-mat-dien-co-coi-hu-bao-dong\/\"]}]},{\"@type\":\"ImageObject\",\"inLanguage\":\"en-US\",\"@id\":\"https:\/\/dbbtech.net\/san-pham\/es01c-thiet-bi-dieu-khien-va-canh-bao-mat-dien-co-coi-hu-bao-dong\/#primaryimage\",\"url\":\"https:\/\/dbbtech.net\/wp-content\/uploads\/2024\/07\/ES01C_3.png\",\"contentUrl\":\"https:\/\/dbbtech.net\/wp-content\/uploads\/2024\/07\/ES01C_3.png\",\"width\":900,\"height\":900},{\"@type\":\"BreadcrumbList\",\"@id\":\"https:\/\/dbbtech.net\/san-pham\/es01c-thiet-bi-dieu-khien-va-canh-bao-mat-dien-co-coi-hu-bao-dong\/#breadcrumb\",\"itemListElement\":[{\"@type\":\"ListItem\",\"position\":1,\"name\":\"Trang ch\u1ee7\",\"item\":\"https:\/\/dbbtech.net\/\"},{\"@type\":\"ListItem\",\"position\":2,\"name\":\"Shop\",\"item\":\"https:\/\/dbbtech.net\/shop\/\"},{\"@type\":\"ListItem\",\"position\":3,\"name\":\"ES01C &#8211; THI\u1ebeT B\u1eca \u0110I\u1ec0U KHI\u1ec2N V\u00c0 C\u1ea2NH B\u00c1O M\u1ea4T \u0110I\u1ec6N C\u00d3 C\u00d2I H\u00da B\u00c1O \u0110\u1ed8NG\"}]},{\"@type\":\"WebSite\",\"@id\":\"https:\/\/dbbtech.net\/#website\",\"url\":\"https:\/\/dbbtech.net\/\",\"name\":\"DBB TECH\",\"description\":\"Lu\u00f4n \u0111\u1ed3ng h\u00e0nh c\u00f9ng b\u1ea1n\",\"publisher\":{\"@id\":\"https:\/\/dbbtech.net\/#organization\"},\"potentialAction\":[{\"@type\":\"SearchAction\",\"target\":{\"@type\":\"EntryPoint\",\"urlTemplate\":\"https:\/\/dbbtech.net\/?s={search_term_string}\"},\"query-input\":\"required name=search_term_string\"}],\"inLanguage\":\"en-US\"},{\"@type\":\"Organization\",\"@id\":\"https:\/\/dbbtech.net\/#organization\",\"name\":\"C\u00d4NG TY TNHH DBB TECH VI\u1ec6T NAM\",\"url\":\"https:\/\/dbbtech.net\/\",\"logo\":{\"@type\":\"ImageObject\",\"inLanguage\":\"en-US\",\"@id\":\"https:\/\/dbbtech.net\/#\/schema\/logo\/image\/\",\"url\":\"https:\/\/dbbtech.net\/wp-content\/uploads\/2024\/08\/LOGO-DBB-5-XOA-FONT.png\",\"contentUrl\":\"https:\/\/dbbtech.net\/wp-content\/uploads\/2024\/08\/LOGO-DBB-5-XOA-FONT.png\",\"width\":1600,\"height\":1280,\"caption\":\"C\u00d4NG TY TNHH DBB TECH VI\u1ec6T NAM\"},\"image\":{\"@id\":\"https:\/\/dbbtech.net\/#\/schema\/logo\/image\/\"},\"sameAs\":[\"https:\/\/www.facebook.com\/dbbtechvn\/\",\"https:\/\/www.youtube.com\/@DBB-CONGNGHEMOI-ve6pi\"]}]}<\/script>\n<!-- \/ Yoast SEO plugin. -->","yoast_head_json":{"title":"ES01C - THI\u1ebeT B\u1eca \u0110I\u1ec0U KHI\u1ec2N V\u00c0 C\u1ea2NH B\u00c1O M\u1ea4T \u0110I\u1ec6N C\u00d3 C\u00d2I H\u00da B\u00c1O \u0110\u1ed8NG - DBB TECH","robots":{"index":"index","follow":"follow","max-snippet":"max-snippet:-1","max-image-preview":"max-image-preview:large","max-video-preview":"max-video-preview:-1"},"canonical":"https:\/\/dbbtech.net\/en\/product\/es01c-thiet-bi-dieu-khien-va-canh-bao-mat-dien-co-coi-hu-bao-dong\/","og_locale":"en_US","og_type":"article","og_title":"ES01C - THI\u1ebeT B\u1eca \u0110I\u1ec0U KHI\u1ec2N V\u00c0 C\u1ea2NH B\u00c1O M\u1ea4T \u0110I\u1ec6N C\u00d3 C\u00d2I H\u00da B\u00c1O \u0110\u1ed8NG - DBB TECH","og_description":"C\u1ea3nh b\u00e1o m\u1ea5t v\u00e0 c\u00f3 \u0111i\u1ec7n qua tin nh\u1eafn, cu\u1ed9c g\u1ecdi  T\u1ed1i \u0111a 5 ng\u01b0\u1eddi qu\u1ea3n l\u00ed  G\u1ecdi \u0111i\u1ec7n c\u1ea3nh b\u00e1o 2 v\u00f2ng \u0111\u1ebfn l\u1ea7n l\u01b0\u1ee3t t\u1eebng ng\u01b0\u1eddi qu\u1ea3n l\u00ed  C\u00f3 c\u00f2i h\u00fa b\u00e1o \u0111\u1ed9ng t\u1ea1i ch\u1ed7 3 ph\u00fat  \u0110i\u1ec1u khi\u1ec3n c\u00e1c thi\u1ebft b\u1ecb t\u1eeb xa kh\u00f4ng gi\u1edbi h\u1ea1n kho\u1ea3ng c\u00e1ch  C\u00f3 th\u1ec3 c\u1ea5u h\u00ecnh nh\u1eadn cu\u1ed9c g\u1ecdi c\u1ea3nh b\u00e1o  B\u1ea3o h\u00e0nh 12 th\u00e1ng v\u00e0 1 \u0111\u1ed5i 1 trong 30 ng\u00e0y n\u1ebfu l\u1ed7i do nh\u00e0 s\u1ea3n xu\u1ea5t","og_url":"https:\/\/dbbtech.net\/en\/product\/es01c-thiet-bi-dieu-khien-va-canh-bao-mat-dien-co-coi-hu-bao-dong\/","og_site_name":"DBB TECH","article_publisher":"https:\/\/www.facebook.com\/dbbtechvn\/","article_modified_time":"2024-07-02T16:09:01+00:00","og_image":[{"width":900,"height":900,"url":"https:\/\/dbbtech.net\/wp-content\/uploads\/2024\/07\/ES01C_3.png","type":"image\/png"}],"twitter_card":"summary_large_image","twitter_misc":{"Est. reading time":"2 minutes"},"schema":{"@context":"https:\/\/schema.org","@graph":[{"@type":"WebPage","@id":"https:\/\/dbbtech.net\/san-pham\/es01c-thiet-bi-dieu-khien-va-canh-bao-mat-dien-co-coi-hu-bao-dong\/","url":"https:\/\/dbbtech.net\/san-pham\/es01c-thiet-bi-dieu-khien-va-canh-bao-mat-dien-co-coi-hu-bao-dong\/","name":"ES01C - THI\u1ebeT B\u1eca \u0110I\u1ec0U KHI\u1ec2N V\u00c0 C\u1ea2NH B\u00c1O M\u1ea4T \u0110I\u1ec6N C\u00d3 C\u00d2I H\u00da B\u00c1O \u0110\u1ed8NG - DBB TECH","isPartOf":{"@id":"https:\/\/dbbtech.net\/#website"},"primaryImageOfPage":{"@id":"https:\/\/dbbtech.net\/san-pham\/es01c-thiet-bi-dieu-khien-va-canh-bao-mat-dien-co-coi-hu-bao-dong\/#primaryimage"},"image":{"@id":"https:\/\/dbbtech.net\/san-pham\/es01c-thiet-bi-dieu-khien-va-canh-bao-mat-dien-co-coi-hu-bao-dong\/#primaryimage"},"thumbnailUrl":"https:\/\/dbbtech.net\/wp-content\/uploads\/2024\/07\/ES01C_3.png","datePublished":"2024-07-02T16:03:12+00:00","dateModified":"2024-07-02T16:09:01+00:00","breadcrumb":{"@id":"https:\/\/dbbtech.net\/san-pham\/es01c-thiet-bi-dieu-khien-va-canh-bao-mat-dien-co-coi-hu-bao-dong\/#breadcrumb"},"inLanguage":"en-US","potentialAction":[{"@type":"ReadAction","target":["https:\/\/dbbtech.net\/san-pham\/es01c-thiet-bi-dieu-khien-va-canh-bao-mat-dien-co-coi-hu-bao-dong\/"]}]},{"@type":"ImageObject","inLanguage":"en-US","@id":"https:\/\/dbbtech.net\/san-pham\/es01c-thiet-bi-dieu-khien-va-canh-bao-mat-dien-co-coi-hu-bao-dong\/#primaryimage","url":"https:\/\/dbbtech.net\/wp-content\/uploads\/2024\/07\/ES01C_3.png","contentUrl":"https:\/\/dbbtech.net\/wp-content\/uploads\/2024\/07\/ES01C_3.png","width":900,"height":900},{"@type":"BreadcrumbList","@id":"https:\/\/dbbtech.net\/san-pham\/es01c-thiet-bi-dieu-khien-va-canh-bao-mat-dien-co-coi-hu-bao-dong\/#breadcrumb","itemListElement":[{"@type":"ListItem","position":1,"name":"Trang ch\u1ee7","item":"https:\/\/dbbtech.net\/"},{"@type":"ListItem","position":2,"name":"Shop","item":"https:\/\/dbbtech.net\/shop\/"},{"@type":"ListItem","position":3,"name":"ES01C &#8211; THI\u1ebeT B\u1eca \u0110I\u1ec0U KHI\u1ec2N V\u00c0 C\u1ea2NH B\u00c1O M\u1ea4T \u0110I\u1ec6N C\u00d3 C\u00d2I H\u00da B\u00c1O \u0110\u1ed8NG"}]},{"@type":"WebSite","@id":"https:\/\/dbbtech.net\/#website","url":"https:\/\/dbbtech.net\/","name":"DBB TECH","description":"Lu\u00f4n \u0111\u1ed3ng h\u00e0nh c\u00f9ng b\u1ea1n","publisher":{"@id":"https:\/\/dbbtech.net\/#organization"},"potentialAction":[{"@type":"SearchAction","target":{"@type":"EntryPoint","urlTemplate":"https:\/\/dbbtech.net\/?s={search_term_string}"},"query-input":"required name=search_term_string"}],"inLanguage":"en-US"},{"@type":"Organization","@id":"https:\/\/dbbtech.net\/#organization","name":"C\u00d4NG TY TNHH DBB TECH VI\u1ec6T NAM","url":"https:\/\/dbbtech.net\/","logo":{"@type":"ImageObject","inLanguage":"en-US","@id":"https:\/\/dbbtech.net\/#\/schema\/logo\/image\/","url":"https:\/\/dbbtech.net\/wp-content\/uploads\/2024\/08\/LOGO-DBB-5-XOA-FONT.png","contentUrl":"https:\/\/dbbtech.net\/wp-content\/uploads\/2024\/08\/LOGO-DBB-5-XOA-FONT.png","width":1600,"height":1280,"caption":"C\u00d4NG TY TNHH DBB TECH VI\u1ec6T NAM"},"image":{"@id":"https:\/\/dbbtech.net\/#\/schema\/logo\/image\/"},"sameAs":["https:\/\/www.facebook.com\/dbbtechvn\/","https:\/\/www.youtube.com\/@DBB-CONGNGHEMOI-ve6pi"]}]}},"_links":{"self":[{"href":"https:\/\/dbbtech.net\/en\/wp-json\/wp\/v2\/product\/4670","targetHints":{"allow":["GET"]}}],"collection":[{"href":"https:\/\/dbbtech.net\/en\/wp-json\/wp\/v2\/product"}],"about":[{"href":"https:\/\/dbbtech.net\/en\/wp-json\/wp\/v2\/types\/product"}],"replies":[{"embeddable":true,"href":"https:\/\/dbbtech.net\/en\/wp-json\/wp\/v2\/comments?post=4670"}],"wp:featuredmedia":[{"embeddable":true,"href":"https:\/\/dbbtech.net\/en\/wp-json\/wp\/v2\/media\/4675"}],"wp:attachment":[{"href":"https:\/\/dbbtech.net\/en\/wp-json\/wp\/v2\/media?parent=4670"}],"wp:term":[{"taxonomy":"product_cat","embeddable":true,"href":"https:\/\/dbbtech.net\/en\/wp-json\/wp\/v2\/product_cat?post=4670"},{"taxonomy":"product_tag","embeddable":true,"href":"https:\/\/dbbtech.net\/en\/wp-json\/wp\/v2\/product_tag?post=4670"}],"curies":[{"name":"wp","href":"https:\/\/api.w.org\/{rel}","templated":true}]}}